{"id":9161,"date":"2026-02-22T20:12:27","date_gmt":"2026-02-22T20:12:27","guid":{"rendered":"https:\/\/estudio-nelli.com.ar\/nelli\/?post_type=product&#038;p=9161"},"modified":"2026-02-22T20:28:18","modified_gmt":"2026-02-22T20:28:18","slug":"croquis-arquitectonico","status":"publish","type":"product","link":"https:\/\/estudio-nelli.com.ar\/nelli\/producto\/croquis-arquitectonico\/","title":{"rendered":"Croquis y Dibujo Arquitect\u00f3nico"},"content":{"rendered":"<h2>Simple, pr\u00e1ctico y liviano<\/h2>\n<p><a href=\"https:\/\/i0.wp.com\/estudio-nelli.com.ar\/wp-content\/uploads\/2022\/04\/lazqBo_2_fix.jpg?ssl=1\"><img fetchpriority=\"high\" decoding=\"async\" class=\"alignnone size-full wp-image-971\" src=\"https:\/\/i0.wp.com\/estudio-nelli.com.ar\/wp-content\/uploads\/2022\/04\/lazqBo_2_fix.jpg?resize=652%2C198&amp;ssl=1\" sizes=\"(max-width: 652px) 100vw, 652px\" srcset=\"https:\/\/i0.wp.com\/estudio-nelli.com.ar\/wp-content\/uploads\/2022\/04\/lazqBo_2_fix.jpg?w=652&amp;ssl=1 652w, https:\/\/i0.wp.com\/estudio-nelli.com.ar\/wp-content\/uploads\/2022\/04\/lazqBo_2_fix.jpg?resize=300%2C91&amp;ssl=1 300w, https:\/\/i0.wp.com\/estudio-nelli.com.ar\/wp-content\/uploads\/2022\/04\/lazqBo_2_fix.jpg?resize=600%2C182&amp;ssl=1 600w\" alt=\"\" width=\"652\" height=\"198\" data-recalc-dims=\"1\" \/><\/a><\/p>\n<p>El archivo PDF est\u00e1 optimizado para ser visualizado sin problemas en cualquier celular, tablet y PC. El book cuenta con + de 50 hojas todas con im\u00e1genes de alta calidad y sin ocuparte peso en tu equipo. Nunca fue as\u00ed de f\u00e1cil!<\/p>\n<p><a href=\"https:\/\/i0.wp.com\/estudio-nelli.com.ar\/wp-content\/uploads\/2022\/04\/lazqBo_fix.jpg?ssl=1\"><img decoding=\"async\" class=\"alignnone size-full wp-image-970\" src=\"https:\/\/i0.wp.com\/estudio-nelli.com.ar\/wp-content\/uploads\/2022\/04\/lazqBo_fix.jpg?resize=652%2C198&amp;ssl=1\" sizes=\"(max-width: 652px) 100vw, 652px\" srcset=\"https:\/\/i0.wp.com\/estudio-nelli.com.ar\/wp-content\/uploads\/2022\/04\/lazqBo_fix.jpg?w=652&amp;ssl=1 652w, https:\/\/i0.wp.com\/estudio-nelli.com.ar\/wp-content\/uploads\/2022\/04\/lazqBo_fix.jpg?resize=300%2C91&amp;ssl=1 300w, https:\/\/i0.wp.com\/estudio-nelli.com.ar\/wp-content\/uploads\/2022\/04\/lazqBo_fix.jpg?resize=600%2C182&amp;ssl=1 600w\" alt=\"\" width=\"652\" height=\"198\" data-recalc-dims=\"1\" \/><\/a><\/p>\n<p>Con este ebook podr\u00e1s tener en la comodidad de tu\u00a0<em>tablet o cel<\/em>\u00a0una gu\u00eda pr\u00e1ctica para realizar ejercicios de color y de croquis, adem\u00e1s de poder consultar aspectos te\u00f3ricos para realizar perspectivas con varios puntos de fuga todo esto en un\u00a0<em><strong>PDF digitalizado<\/strong><\/em>. Cuando realizamos actualizaciones del\u00a0<strong>ebook<\/strong>\u00a0ser\u00e1s notifica v\u00eda email!<\/p>\n<table>\n<tbody>\n<tr>\n<td>Conceptos generales sobre el dibujo arquitect\u00f3nico.<\/td>\n<td>Usos y aplicaciones para las perspectivas de 1,2,3,4 y 5 puntos de fuga<\/td>\n<td>Gu\u00eda PASO A PASO para realizar croquis peatonales<\/td>\n<\/tr>\n<tr>\n<td>\u00a0Sombras directas e indirectas para aplicar + ejemplos<\/td>\n<td>Uso del color con acuarelas y rotuladores<\/td>\n<td>\u00a0Ejercicios para practicar color, croquis y diagramaci\u00f3n\/maquetaci\u00f3n.<\/td>\n<\/tr>\n<\/tbody>\n<\/table>\n<p><a href=\"http:\/\/www.estudio-nelli.com.ar\/\" rel=\"nofollow noopener\">www.estudio-nelli.com.ar<\/a><\/p>\n","protected":false},"excerpt":{"rendered":"<p>\ud83d\udcda <strong data-start=\"160\" data-end=\"173\">Croquis &amp; Dibujo Arquitect\u00f3nico (Edici\u00f3n 1.1)<\/strong><\/p>\n","protected":false},"featured_media":9162,"comment_status":"open","ping_status":"closed","template":"","meta":[],"product_brand":[],"product_cat":[27],"product_tag":[30,29,33,45,32,34,31,35,46],"class_list":{"0":"post-9161","1":"product","2":"type-product","3":"status-publish","4":"has-post-thumbnail","6":"product_cat-ebooks","7":"product_tag-arquitectura","8":"product_tag-construccion","9":"product_tag-descargas-digitales","10":"product_tag-dibujo","11":"product_tag-ebook","12":"product_tag-endetalle","13":"product_tag-ingenieria","14":"product_tag-profesional","15":"product_tag-sketch","17":"first","18":"instock","19":"downloadable","20":"virtual","21":"sold-individually","22":"purchasable","23":"product-type-simple"},"jetpack_sharing_enabled":true,"_links":{"self":[{"href":"https:\/\/estudio-nelli.com.ar\/nelli\/wp-json\/wp\/v2\/product\/9161","targetHints":{"allow":["GET"]}}],"collection":[{"href":"https:\/\/estudio-nelli.com.ar\/nelli\/wp-json\/wp\/v2\/product"}],"about":[{"href":"https:\/\/estudio-nelli.com.ar\/nelli\/wp-json\/wp\/v2\/types\/product"}],"replies":[{"embeddable":true,"href":"https:\/\/estudio-nelli.com.ar\/nelli\/wp-json\/wp\/v2\/comments?post=9161"}],"wp:featuredmedia":[{"embeddable":true,"href":"https:\/\/estudio-nelli.com.ar\/nelli\/wp-json\/wp\/v2\/media\/9162"}],"wp:attachment":[{"href":"https:\/\/estudio-nelli.com.ar\/nelli\/wp-json\/wp\/v2\/media?parent=9161"}],"wp:term":[{"taxonomy":"product_brand","embeddable":true,"href":"https:\/\/estudio-nelli.com.ar\/nelli\/wp-json\/wp\/v2\/product_brand?post=9161"},{"taxonomy":"product_cat","embeddable":true,"href":"https:\/\/estudio-nelli.com.ar\/nelli\/wp-json\/wp\/v2\/product_cat?post=9161"},{"taxonomy":"product_tag","embeddable":true,"href":"https:\/\/estudio-nelli.com.ar\/nelli\/wp-json\/wp\/v2\/product_tag?post=9161"}],"curies":[{"name":"wp","href":"https:\/\/api.w.org\/{rel}","templated":true}]}}